{"id":213,"date":"2024-03-01T11:23:45","date_gmt":"2024-03-01T09:23:45","guid":{"rendered":"https:\/\/atrettenhahn.hak-digital.at\/?page_id=213"},"modified":"2024-03-01T11:28:19","modified_gmt":"2024-03-01T09:28:19","slug":"impressum","status":"publish","type":"page","link":"https:\/\/atrettenhahn.hak-digital.at\/?page_id=213","title":{"rendered":"Impressum"},"content":{"rendered":"\n<p>Anna Trettenhahn<br>BHAK Korneuburg<br>Bankmannring 1<br>2100 Korneuburg<\/p>\n\n\n\n<p><a href=\"https:\/\/www.hak-korneuburg.at\/\">News | BHAK Korneuburg (hak-korneuburg.at)<\/a> <\/p>\n\n\n\n<p>Diese Seite dient \u00dcbungszwecken im Rahmen des Unterrichts. F\u00fcr die Richtigkeit der Inhalte keine Gew\u00e4hr. <\/p>\n\n\n\n<p> <\/p>\n\n\n\n<p><\/p>\n","protected":false},"excerpt":{"rendered":"<p>Anna TrettenhahnBHAK KorneuburgBankmannring 12100 Korneuburg News | BHAK Korneuburg (hak-korneuburg.at) Diese Seite dient \u00dcbungszwecken im Rahmen des Unterrichts. F\u00fcr die Richtigkeit der Inhalte keine Gew\u00e4hr.<\/p>\n","protected":false},"author":1,"featured_media":0,"parent":0,"menu_order":0,"comment_status":"closed","ping_status":"closed","template":"","meta":{"ngg_post_thumbnail":0,"_kad_post_transparent":"","_kad_post_title":"","_kad_post_layout":"","_kad_post_sidebar_id":"","_kad_post_content_style":"","_kad_post_vertical_padding":"","_kad_post_feature":"","_kad_post_feature_position":"","_kad_post_header":false,"_kad_post_footer":false,"footnotes":""},"class_list":["post-213","page","type-page","status-publish","hentry"],"_links":{"self":[{"href":"https:\/\/atrettenhahn.hak-digital.at\/index.php?rest_route=\/wp\/v2\/pages\/213","targetHints":{"allow":["GET"]}}],"collection":[{"href":"https:\/\/atrettenhahn.hak-digital.at\/index.php?rest_route=\/wp\/v2\/pages"}],"about":[{"href":"https:\/\/atrettenhahn.hak-digital.at\/index.php?rest_route=\/wp\/v2\/types\/page"}],"author":[{"embeddable":true,"href":"https:\/\/atrettenhahn.hak-digital.at\/index.php?rest_route=\/wp\/v2\/users\/1"}],"replies":[{"embeddable":true,"href":"https:\/\/atrettenhahn.hak-digital.at\/index.php?rest_route=%2Fwp%2Fv2%2Fcomments&post=213"}],"version-history":[{"count":3,"href":"https:\/\/atrettenhahn.hak-digital.at\/index.php?rest_route=\/wp\/v2\/pages\/213\/revisions"}],"predecessor-version":[{"id":217,"href":"https:\/\/atrettenhahn.hak-digital.at\/index.php?rest_route=\/wp\/v2\/pages\/213\/revisions\/217"}],"wp:attachment":[{"href":"https:\/\/atrettenhahn.hak-digital.at\/index.php?rest_route=%2Fwp%2Fv2%2Fmedia&parent=213"}],"curies":[{"name":"wp","href":"https:\/\/api.w.org\/{rel}","templated":true}]}}