{"id":164,"date":"2024-02-16T11:54:10","date_gmt":"2024-02-16T09:54:10","guid":{"rendered":"https:\/\/atrettenhahn.hak-digital.at\/?page_id=164"},"modified":"2024-02-28T21:53:59","modified_gmt":"2024-02-28T19:53:59","slug":"meine-leidenschaft","status":"publish","type":"page","link":"https:\/\/atrettenhahn.hak-digital.at\/?page_id=164","title":{"rendered":"Meine Leidenschaft"},"content":{"rendered":"\n<div class=\"wp-block-group alignfull has-accent-background-color has-background\" style=\"margin-top:0;margin-bottom:0;padding-top:var(--wp--preset--spacing--50);padding-right:var(--wp--preset--spacing--50);padding-bottom:var(--wp--preset--spacing--50);padding-left:var(--wp--preset--spacing--50)\"><div class=\"wp-block-group__inner-container is-layout-constrained wp-container-core-group-is-layout-2bafd31c wp-block-group-is-layout-constrained\">\n<div class=\"wp-block-columns alignwide is-layout-flex wp-container-core-columns-is-layout-4d397ad4 wp-block-columns-is-layout-flex\">\n<div class=\"wp-block-column is-vertically-aligned-stretch is-layout-flow wp-block-column-is-layout-flow\" style=\"flex-basis:50%\">\n<div class=\"wp-block-group is-vertical is-content-justification-stretch is-layout-flex wp-container-core-group-is-layout-d9786264 wp-block-group-is-layout-flex\" style=\"min-height:100%\">\n<p class=\"has-system-serif-font-family has-large-font-size\" style=\"line-height:1.2\">Bereits im Jahr 2013 entdeckte ich die Leidenschaft im Reitsport. Zu beginn hatte ich w\u00f6chentlich eine Reitstunde in einem kleinen Reitstall. Nach einem halben Jahr bekam ich mein erstes eigenes Mietpferd, um dass man sich immer gek\u00fcmmert hat. Nach zwei Jahren wurde dieses Mietpferd zu meinem eigenen, dass einige Jahre in meinem Besitz war, bis es leider verstorben ist. Nach einigen Monaten sp\u00e4ter haben mir meine Eltern ein neues Pferd erm\u00f6glicht, um dass ich mich seit 9 Jahren k\u00fcmmere. <\/p>\n\n\n\n<div class=\"wp-block-group is-content-justification-left\"><div class=\"wp-block-group__inner-container is-layout-constrained wp-container-core-group-is-layout-ebdfa9d7 wp-block-group-is-layout-constrained\">\n<p class=\"wp-container-content-0733e5d0\"><\/p>\n\n\n\n<div class=\"wp-block-buttons is-layout-flex wp-block-buttons-is-layout-flex\"><\/div>\n<\/div><\/div>\n<\/div>\n<\/div>\n\n\n\n<div class=\"wp-block-column is-vertically-aligned-center is-layout-flow wp-block-column-is-layout-flow\" style=\"flex-basis:50%\">\n<figure class=\"wp-block-image size-full is-style-rounded\"><img loading=\"lazy\" decoding=\"async\" width=\"369\" height=\"800\" src=\"https:\/\/atrettenhahn.hak-digital.at\/wp-content\/uploads\/2024\/02\/ed3e8aa7-4753-4c71-b562-2dbd5677b39b-2.jpg\" alt=\"\" class=\"wp-image-165\" style=\"aspect-ratio:3\/4;object-fit:cover\" srcset=\"https:\/\/atrettenhahn.hak-digital.at\/wp-content\/uploads\/2024\/02\/ed3e8aa7-4753-4c71-b562-2dbd5677b39b-2.jpg 369w, https:\/\/atrettenhahn.hak-digital.at\/wp-content\/uploads\/2024\/02\/ed3e8aa7-4753-4c71-b562-2dbd5677b39b-2-138x300.jpg 138w\" sizes=\"auto, (max-width: 369px) 100vw, 369px\" \/><\/figure>\n<\/div>\n<\/div>\n<\/div><\/div>\n\n\n","protected":false},"excerpt":{"rendered":"<p>Bereits im Jahr 2013 entdeckte ich die Leidenschaft im Reitsport. Zu beginn hatte ich w\u00f6chentlich eine Reitstunde in einem kleinen Reitstall. Nach einem halben Jahr bekam ich mein erstes eigenes Mietpferd, um dass man sich immer gek\u00fcmmert hat. Nach zwei Jahren wurde dieses Mietpferd zu meinem eigenen, dass einige Jahre in meinem Besitz war, bis&#8230;<\/p>\n","protected":false},"author":1,"featured_media":0,"parent":0,"menu_order":1,"comment_status":"closed","ping_status":"closed","template":"","meta":{"ngg_post_thumbnail":0,"_kad_post_transparent":"","_kad_post_title":"","_kad_post_layout":"","_kad_post_sidebar_id":"","_kad_post_content_style":"","_kad_post_vertical_padding":"","_kad_post_feature":"","_kad_post_feature_position":"","_kad_post_header":false,"_kad_post_footer":false,"footnotes":""},"class_list":["post-164","page","type-page","status-publish","hentry"],"_links":{"self":[{"href":"https:\/\/atrettenhahn.hak-digital.at\/index.php?rest_route=\/wp\/v2\/pages\/164","targetHints":{"allow":["GET"]}}],"collection":[{"href":"https:\/\/atrettenhahn.hak-digital.at\/index.php?rest_route=\/wp\/v2\/pages"}],"about":[{"href":"https:\/\/atrettenhahn.hak-digital.at\/index.php?rest_route=\/wp\/v2\/types\/page"}],"author":[{"embeddable":true,"href":"https:\/\/atrettenhahn.hak-digital.at\/index.php?rest_route=\/wp\/v2\/users\/1"}],"replies":[{"embeddable":true,"href":"https:\/\/atrettenhahn.hak-digital.at\/index.php?rest_route=%2Fwp%2Fv2%2Fcomments&post=164"}],"version-history":[{"count":4,"href":"https:\/\/atrettenhahn.hak-digital.at\/index.php?rest_route=\/wp\/v2\/pages\/164\/revisions"}],"predecessor-version":[{"id":199,"href":"https:\/\/atrettenhahn.hak-digital.at\/index.php?rest_route=\/wp\/v2\/pages\/164\/revisions\/199"}],"wp:attachment":[{"href":"https:\/\/atrettenhahn.hak-digital.at\/index.php?rest_route=%2Fwp%2Fv2%2Fmedia&parent=164"}],"curies":[{"name":"wp","href":"https:\/\/api.w.org\/{rel}","templated":true}]}}